{"id":127,"date":"2016-12-23T10:21:20","date_gmt":"2016-12-23T09:21:20","guid":{"rendered":"http:\/\/bad-reichenhall.minicms.wasserwacht.de\/?page_id=127"},"modified":"2025-05-19T10:59:24","modified_gmt":"2025-05-19T08:59:24","slug":"thumsee","status":"publish","type":"page","link":"https:\/\/www.bad-reichenhall.wasserwacht.de\/?page_id=127","title":{"rendered":"Thumsee"},"content":{"rendered":"\n<p>Der Thumsee ist sommers ein in der Gegend um Bad Reichenhall sehr beliebter Badesee, es gibt eine \u00f6ffentliche Liegewiese sowie das <i>Thumseebad<\/i>, ein Schwimmbad mit entsprechender Infrastruktur und einem Terrassencaf\u00e9. Ein Rundwanderweg und zwei Ausflugsgastst\u00e4tten ziehen ganzj\u00e4hrig Spazierg\u00e4nger an. Der See ist durch eine Stadtbuslinie der Stadtwerke Bad Reichenhall an den <a class=\"mw-redirect\" title=\"\u00d6PNV\" href=\"http:\/\/de.wikipedia.org\/wiki\/%C3%96PNV\" target=\"_blank\" rel=\"noopener\">\u00d6PNV<\/a> angeschlossen.<\/p>\n\n\n\n<p>Die Ortsgruppe Bad Reichenhall leistet an der Wachstation in der N\u00e4he der Madlbauerwiese im Sommer bei sch\u00f6nem Wetter und im Winter bei Eisbildung Wachdienste und steht f\u00fcr medizinische Notf\u00e4lle und Rettungen parat.<\/p>\n\n\n\n<p>Der See liegt in einem nach ihm benannten Landschaftsschutzgebiet. Er ist rund 1 Kilometer lang und etwa 140 Meter breit. Seine tiefste Stelle liegt 21 m unter der Wasseroberfl\u00e4che.<\/p>\n\n\n\n<p>Eine Besonderheit ist die in der N\u00e4he des Sees an dem kleinen Sumpfweiher \u201eSeem\u00f6sl\u201c oder \u201eSeerosensee\u201c gelegene Seerosenfarm. Sie wurde bereits 1936 angelegt und ist damit die \u00e4lteste in Deutschland. Es werden hier 9 verschiedene Sorten gez\u00fcchtet.<\/p>\n\n\n<div class=\"wp-block-image\">\n<figure class=\"aligncenter size-large\"><img loading=\"lazy\" decoding=\"async\" width=\"768\" height=\"1024\" src=\"https:\/\/www.bad-reichenhall.wasserwacht.de\/wp-content\/uploads\/sites\/20\/2025\/05\/IMG_6125-768x1024.jpg\" alt=\"\" class=\"wp-image-1226\" srcset=\"https:\/\/www.bad-reichenhall.wasserwacht.de\/wp-content\/uploads\/sites\/20\/2025\/05\/IMG_6125-768x1024.jpg 768w, https:\/\/www.bad-reichenhall.wasserwacht.de\/wp-content\/uploads\/sites\/20\/2025\/05\/IMG_6125-225x300.jpg 225w, https:\/\/www.bad-reichenhall.wasserwacht.de\/wp-content\/uploads\/sites\/20\/2025\/05\/IMG_6125-1152x1536.jpg 1152w, https:\/\/www.bad-reichenhall.wasserwacht.de\/wp-content\/uploads\/sites\/20\/2025\/05\/IMG_6125.jpg 1536w\" sizes=\"auto, (max-width: 768px) 100vw, 768px\" \/><\/figure>\n<\/div>\n\n\n<p>&nbsp;<\/p>\n\n\n\n<p>Geographische Daten<\/p>\n\n\n\n<figure class=\"wp-block-table wikitable float-right infobox toptextcells\"><table class=\"has-fixed-layout\"><tbody><tr><td><a title=\"H\u00f6he \u00fcber dem Meeresspiegel\" href=\"http:\/\/de.wikipedia.org\/wiki\/H%C3%B6he_%C3%BCber_dem_Meeresspiegel\" target=\"_blank\" rel=\"noopener\">H\u00f6he \u00fcber Meeresspiegel<\/a><\/td><td>526,8&nbsp;<abbr title=\"Meter \u00fcber Normalnull\">m&nbsp;\u00fc.&nbsp;<a title=\"Normalnull\" href=\"http:\/\/de.wikipedia.org\/wiki\/Normalnull\" target=\"_blank\" rel=\"noopener\">NN<\/a><\/abbr><\/td><\/tr><tr><td>Fl\u00e4che<\/td><td>15,55&nbsp;ha<\/td><\/tr><tr><td>L\u00e4nge<\/td><td>889&nbsp;m<\/td><\/tr><tr><td>Breite<\/td><td>325&nbsp;m<\/td><\/tr><tr><td>Volumen<\/td><td>1.110.000&nbsp;m\u00b3<\/td><\/tr><tr><td>Umfang<\/td><td>2,46&nbsp;km<\/td><\/tr><tr><td>Maximale Tiefe<\/td><td>21&nbsp;m<\/td><\/tr><tr><td>Mittlere Tiefe<\/td><td>8&nbsp;m<\/td><\/tr><\/tbody><\/table><\/figure>\n\n\n\n<figure class=\"wp-block-gallery has-nested-images columns-default is-cropped wp-block-gallery-1 is-layout-flex wp-block-gallery-is-layout-flex\">\n<figure class=\"wp-block-image size-large\"><img loading=\"lazy\" decoding=\"async\" width=\"1024\" height=\"768\" data-id=\"1228\" src=\"https:\/\/www.bad-reichenhall.wasserwacht.de\/wp-content\/uploads\/sites\/20\/2025\/05\/IMG_6129-1024x768.jpg\" alt=\"\" class=\"wp-image-1228\" srcset=\"https:\/\/www.bad-reichenhall.wasserwacht.de\/wp-content\/uploads\/sites\/20\/2025\/05\/IMG_6129-1024x768.jpg 1024w, https:\/\/www.bad-reichenhall.wasserwacht.de\/wp-content\/uploads\/sites\/20\/2025\/05\/IMG_6129-300x225.jpg 300w, https:\/\/www.bad-reichenhall.wasserwacht.de\/wp-content\/uploads\/sites\/20\/2025\/05\/IMG_6129-768x576.jpg 768w, https:\/\/www.bad-reichenhall.wasserwacht.de\/wp-content\/uploads\/sites\/20\/2025\/05\/IMG_6129-1536x1152.jpg 1536w, https:\/\/www.bad-reichenhall.wasserwacht.de\/wp-content\/uploads\/sites\/20\/2025\/05\/IMG_6129.jpg 2048w\" sizes=\"auto, (max-width: 1024px) 100vw, 1024px\" \/><figcaption class=\"wp-element-caption\">Die Wachstation am Thumsee<\/figcaption><\/figure>\n<\/figure>\n\n\n\n<figure class=\"wp-block-gallery has-nested-images columns-default is-cropped wp-block-gallery-2 is-layout-flex wp-block-gallery-is-layout-flex\">\n<figure class=\"wp-block-image size-large\"><img loading=\"lazy\" decoding=\"async\" width=\"1024\" height=\"576\" data-id=\"1229\" src=\"https:\/\/www.bad-reichenhall.wasserwacht.de\/wp-content\/uploads\/sites\/20\/2025\/05\/dji_fly_20250518_155450_22_1747576505711_photo_optimized-1024x576.jpg\" alt=\"\" class=\"wp-image-1229\" srcset=\"https:\/\/www.bad-reichenhall.wasserwacht.de\/wp-content\/uploads\/sites\/20\/2025\/05\/dji_fly_20250518_155450_22_1747576505711_photo_optimized-1024x576.jpg 1024w, https:\/\/www.bad-reichenhall.wasserwacht.de\/wp-content\/uploads\/sites\/20\/2025\/05\/dji_fly_20250518_155450_22_1747576505711_photo_optimized-300x169.jpg 300w, https:\/\/www.bad-reichenhall.wasserwacht.de\/wp-content\/uploads\/sites\/20\/2025\/05\/dji_fly_20250518_155450_22_1747576505711_photo_optimized-768x432.jpg 768w, https:\/\/www.bad-reichenhall.wasserwacht.de\/wp-content\/uploads\/sites\/20\/2025\/05\/dji_fly_20250518_155450_22_1747576505711_photo_optimized-1536x864.jpg 1536w, https:\/\/www.bad-reichenhall.wasserwacht.de\/wp-content\/uploads\/sites\/20\/2025\/05\/dji_fly_20250518_155450_22_1747576505711_photo_optimized-2048x1152.jpg 2048w\" sizes=\"auto, (max-width: 1024px) 100vw, 1024px\" \/><\/figure>\n<\/figure>\n\n\n\n<figure class=\"wp-block-image size-large\"><img loading=\"lazy\" decoding=\"async\" width=\"1024\" height=\"768\" src=\"https:\/\/www.bad-reichenhall.wasserwacht.de\/wp-content\/uploads\/sites\/20\/2025\/05\/IMG_6143-1-1024x768.jpg\" alt=\"\" class=\"wp-image-1230\" srcset=\"https:\/\/www.bad-reichenhall.wasserwacht.de\/wp-content\/uploads\/sites\/20\/2025\/05\/IMG_6143-1-1024x768.jpg 1024w, https:\/\/www.bad-reichenhall.wasserwacht.de\/wp-content\/uploads\/sites\/20\/2025\/05\/IMG_6143-1-300x225.jpg 300w, https:\/\/www.bad-reichenhall.wasserwacht.de\/wp-content\/uploads\/sites\/20\/2025\/05\/IMG_6143-1-768x576.jpg 768w, https:\/\/www.bad-reichenhall.wasserwacht.de\/wp-content\/uploads\/sites\/20\/2025\/05\/IMG_6143-1-1536x1152.jpg 1536w, https:\/\/www.bad-reichenhall.wasserwacht.de\/wp-content\/uploads\/sites\/20\/2025\/05\/IMG_6143-1.jpg 2048w\" sizes=\"auto, (max-width: 1024px) 100vw, 1024px\" \/><\/figure>\n","protected":false},"excerpt":{"rendered":"<p>Der Thumsee ist sommers ein in der Gegend um Bad Reichenhall sehr beliebter Badesee, es gibt eine \u00f6ffentliche Liegewiese sowie das Thumseebad, ein Schwimmbad mit entsprechender Infrastruktur und einem Terrassencaf\u00e9. Ein Rundwanderweg und zwei Ausflugsgastst\u00e4tten ziehen ganzj\u00e4hrig Spazierg\u00e4nger an. Der See ist durch eine Stadtbuslinie der Stadtwerke Bad Reichenhall an den \u00d6PNV angeschlossen. Die Ortsgruppe [&hellip;]<\/p>\n","protected":false},"author":15,"featured_media":0,"parent":0,"menu_order":0,"comment_status":"closed","ping_status":"closed","template":"","meta":{"footnotes":""},"class_list":["post-127","page","type-page","status-publish","hentry"],"_links":{"self":[{"href":"https:\/\/www.bad-reichenhall.wasserwacht.de\/index.php?rest_route=\/wp\/v2\/pages\/127","targetHints":{"allow":["GET"]}}],"collection":[{"href":"https:\/\/www.bad-reichenhall.wasserwacht.de\/index.php?rest_route=\/wp\/v2\/pages"}],"about":[{"href":"https:\/\/www.bad-reichenhall.wasserwacht.de\/index.php?rest_route=\/wp\/v2\/types\/page"}],"author":[{"embeddable":true,"href":"https:\/\/www.bad-reichenhall.wasserwacht.de\/index.php?rest_route=\/wp\/v2\/users\/15"}],"replies":[{"embeddable":true,"href":"https:\/\/www.bad-reichenhall.wasserwacht.de\/index.php?rest_route=%2Fwp%2Fv2%2Fcomments&post=127"}],"version-history":[{"count":8,"href":"https:\/\/www.bad-reichenhall.wasserwacht.de\/index.php?rest_route=\/wp\/v2\/pages\/127\/revisions"}],"predecessor-version":[{"id":1232,"href":"https:\/\/www.bad-reichenhall.wasserwacht.de\/index.php?rest_route=\/wp\/v2\/pages\/127\/revisions\/1232"}],"wp:attachment":[{"href":"https:\/\/www.bad-reichenhall.wasserwacht.de\/index.php?rest_route=%2Fwp%2Fv2%2Fmedia&parent=127"}],"curies":[{"name":"wp","href":"https:\/\/api.w.org\/{rel}","templated":true}]}}