{"id":181,"date":"2016-12-23T11:07:38","date_gmt":"2016-12-23T10:07:38","guid":{"rendered":"http:\/\/bad-reichenhall.minicms.wasserwacht.de\/?page_id=181"},"modified":"2025-05-19T11:10:49","modified_gmt":"2025-05-19T09:10:49","slug":"schwimmkurse","status":"publish","type":"page","link":"https:\/\/www.bad-reichenhall.wasserwacht.de\/?page_id=181","title":{"rendered":"Kinderschwimmkurse"},"content":{"rendered":"<div align=\"justify\">\n<p style=\"text-align: left\"><strong>Informationen zu unserem Schwimmkurs f\u00fcr Kinder<\/strong><\/p>\n<p style=\"text-align: center\"><strong>!! Der n\u00e4chste Schwimmkurs findet voraussichtlich im Fr\u00fchjahr 2026 statt !!<\/strong><\/p>\n<p style=\"text-align: center\"><strong>F\u00fcr 2025 sind bereits alle Schwimmkurse ausgebucht.<\/strong><\/p>\n<\/div>\n<div align=\"justify\">\n<p><strong>Ziel:<\/strong> Erlernen des Brustschwimmens. Am Ende besteht die M\u00f6glichkeit, das Schwimmabzeichen &#8222;Seepferdchen&#8220; zu erwerben.<\/p>\n<p><strong>Kursablauf: <\/strong>Wassergew\u00f6hnung, Technikschulung Arm- und Beinbewegungen, Koordination der Bewegungen.<\/p>\n<p><strong>Anmeldung:\u00a0 <\/strong>Die Anmeldung erfolgt bitte zuerst via E-Mail. Dazu ben\u00f6tigen wir den vollst\u00e4ndigen Namen von Erziehungsberechtigten, eine Kontakttelefonnummer und Kind, sowie dessen Geburtsdatum. Wenn bereits Vorkenntnisse existieren, lassen Sie uns das auch gerne wissen.<\/p>\n<p>Die Termine variieren je nach Verf\u00fcgbarkeit von Ausbilderinnen und Ausbildern, werden jedoch fr\u00fchzeitig bekanntgegeben.<\/p>\n<p>Wir arbeiten vorranging mit Warteliste.<\/p>\n<table>\n<tbody>\n<tr>\n<td width=\"177\"><\/td>\n<td width=\"177\"><\/td>\n<td width=\"177\"><\/td>\n<td width=\"177\"><\/td>\n<\/tr>\n<tr>\n<td width=\"177\"><\/td>\n<td width=\"177\"><\/td>\n<td width=\"177\"><\/td>\n<td width=\"177\"><\/td>\n<\/tr>\n<tr>\n<td width=\"177\"><\/td>\n<td width=\"177\"><\/td>\n<td width=\"177\"><\/td>\n<td width=\"177\"><\/td>\n<\/tr>\n<tr>\n<td width=\"177\"><\/td>\n<td width=\"177\"><\/td>\n<td width=\"177\"><\/td>\n<td width=\"177\"><\/td>\n<\/tr>\n<tr>\n<td width=\"177\"><\/td>\n<td width=\"177\"><\/td>\n<td width=\"177\"><\/td>\n<td width=\"177\"><\/td>\n<\/tr>\n<tr>\n<td width=\"177\"><\/td>\n<td width=\"177\"><\/td>\n<td width=\"177\"><\/td>\n<td width=\"177\"><\/td>\n<\/tr>\n<tr>\n<td width=\"177\"><\/td>\n<td width=\"177\"><\/td>\n<td width=\"177\"><\/td>\n<td width=\"177\"><\/td>\n<\/tr>\n<\/tbody>\n<\/table>\n<p><strong>Dauer: <\/strong>\u00a0\u00a0\u00a0\u00a0\u00a0\u00a0\u00a0\u00a0\u00a0\u00a0\u00a0 10 Unterrichtseinheiten mit jeweils 45 Minuten<\/p>\n<p><strong>Ort:\u00a0\u00a0\u00a0\u00a0\u00a0\u00a0\u00a0\u00a0\u00a0\u00a0\u00a0\u00a0\u00a0\u00a0\u00a0 <\/strong>Sportbad der Rupertus Therme in Bad Reichenhall<\/p>\n<p>Treffpunkt am jeweiligen Schwimmkurstag nach vorheriger Bekanntgabe in der Eingangshalle!<\/p>\n<p><strong>Kosten:<\/strong> \u00a0\u00a0\u00a0\u00a0\u00a0\u00a0\u00a0\u00a0\u00a0 Die Kursgeb\u00fchr betr\u00e4gt insgesamt <strong>150<\/strong><strong>,00<\/strong><strong> \u20ac<\/strong>.<br \/>\nDieser setzt sich zusammen aus dem obligatorischen Mitgliedsbeitrag der Wasserwacht von <strong>15,00 \u20ac<\/strong> f\u00fcr das laufende Kalenderjahr (steuerlich absetzbar) f\u00fcr die Kursteilnehmenden, sowie 4,00\u20ac pro Eintritt. Unkosten f\u00fcr ein abgelegtes Seepferdchen sind inklusive.<\/p>\n<p>Das Kursgeld von <strong>135,- \u20ac<\/strong> ist am ersten Schwimmkurstag in Bar mitzunehmen. Der Mitgliedsbeitrag wird im Verlauf des Jahres vom Konto abgebucht.<\/p>\n<p><strong>Versicherung:<\/strong> Das Kind ist durch den oben genannten Mitgliedsbeitrag \u00fcber die Wasserwacht versichert.<\/p>\n<p><strong>Mindestalter:<\/strong>\u00a0 5 Jahre (bei Kursbeginn)<\/p>\n<p><strong>Anmeldung:<\/strong> <a href=\"mailto:wasserwacht-reichenhall@gmx.de\">wasserwacht-reichenhall@gmx.de<\/a><\/p>\n<p><strong>Begleitung:<\/strong> \u00a0\u00a0\u00a0 Die Begleitperson hat das Kind zu Kursbeginn den Schwimmausbilderinnen und -ausbildern an dem vereinbarten Ort zu \u00fcbergeben und zum Kursende wieder <strong>p\u00fcnktlich<\/strong> abzuholen.<\/p>\n<p>Aus p\u00e4dagogischer Sicht hat sich als vorteilhaft erwiesen, dass sich die Begleitperson w\u00e4hrend des eigentlichen Kurses vom jeweiligen Lehrschwimmbecken fernh\u00e4lt, damit sich das Kind uneingeschr\u00e4nkt auf die Ausbilderinnen und Ausbildern konzentrieren kann.<\/p>\n<p>Die Ausbilderinnen und Ausbilder der Wasserwacht f\u00fchren diesen Schwimmkurs im Rahmen ihrer ehrenamtlichen T\u00e4tigkeit aus. Somit kommt die Kursgeb\u00fchr und der darin enthaltene Mitgliedsbeitrag bis auf\u00a0 die zu entrichtenden Eintrittsgelder in vollem Umfang der Wasserwacht Ortsgruppe Bad Reichenhall zu Gute.<\/p>\n<p style=\"text-align: center\">\n<\/div>\n<div align=\"justify\">\n<hr \/>\n<\/div>\n<div align=\"justify\"><\/div>\n<div align=\"justify\"><span style=\"font-size: large\">\u00a0<\/span><\/div>\n<div align=\"justify\"><\/div>\n<div align=\"justify\"><span style=\"font-size: large\"><div class=\"tmm tmm_jugendleitung\"><div class=\"tmm_2_columns tmm_wrap tmm_plugin_f\"><span class=\"tmm_two_containers_tablet\"><\/span><div class=\"tmm_container\"><div class=\"tmm_member\" style=\"border-top:#20c5ea solid 5px;\"><div class=\"tmm_photo tmm_pic_jugendleitung_0\" style=\"background: url(https:\/\/www.bad-reichenhall.wasserwacht.de\/wp-content\/uploads\/sites\/20\/2017\/02\/Julia-G.jpg); margin-left: auto; margin-right:auto; background-size:cover !important;\"><\/div><div class=\"tmm_textblock\"><div class=\"tmm_names\"><span class=\"tmm_fname\">Gierl<\/span> <span class=\"tmm_lname\">Julia<\/span><\/div><div class=\"tmm_job\">Jugendleiterin<\/div><div class=\"tmm_scblock\"><a target=\"_blank\" class=\"tmm_sociallink\" href=\"http:\/\/www.facebook.com\/Wasserwacht.Bad.Reichenhall\/\" title=\"Hier erreicht ihr mich auf Umwegen!\"><img decoding=\"async\" alt=\"Hier erreicht ihr mich auf Umwegen!\" src=\"https:\/\/www.bad-reichenhall.wasserwacht.de\/wp-content\/plugins\/team-members\/inc\/img\/links\/facebook.png\"\/><\/a><a class=\"tmm_sociallink\" href=\"mailto:&#119;ass&#101;&#114;&#119;a&#099;ht-&#114;&#101;&#105;&#099;&#104;e&#110;h&#097;&#108;&#108;&#064;&#103;m&#120;.&#100;&#101;\" title=\"Wenn Du mir schreiben m\u00f6chtest:\"><img decoding=\"async\" alt=\"Wenn Du mir schreiben m\u00f6chtest:\" src=\"https:\/\/www.bad-reichenhall.wasserwacht.de\/wp-content\/plugins\/team-members\/inc\/img\/links\/email.png\"\/><\/a><\/div><\/div><\/div><div class=\"tmm_member\" style=\"border-top:#20c5ea solid 5px;\"><div class=\"tmm_photo tmm_pic_jugendleitung_1\" style=\"background: url(https:\/\/www.bad-reichenhall.wasserwacht.de\/wp-content\/uploads\/sites\/20\/2017\/02\/Nadine.jpg); margin-left: auto; margin-right:auto; background-size:cover !important;\"><\/div><div class=\"tmm_textblock\"><div class=\"tmm_names\"><span class=\"tmm_fname\">Nadine<\/span> <span class=\"tmm_lname\">Moltke<\/span><\/div><div class=\"tmm_job\">stv. Jugendleiterin<\/div><div class=\"tmm_scblock\"><a target=\"_blank\" class=\"tmm_sociallink\" href=\"http:\/\/www.facebook.com\/Wasserwacht.Bad.Reichenhall\/\" title=\"\"><img decoding=\"async\" alt=\"\" src=\"https:\/\/www.bad-reichenhall.wasserwacht.de\/wp-content\/plugins\/team-members\/inc\/img\/links\/facebook.png\"\/><\/a><a class=\"tmm_sociallink\" href=\"mailto:was&#115;erw&#097;c&#104;&#116;-re&#105;c&#104;e&#110;&#104;all&#064;gmx&#046;&#100;e\" title=\"Wenn Du mir schreiben m\u00f6chtest:\"><img decoding=\"async\" alt=\"Wenn Du mir schreiben m\u00f6chtest:\" src=\"https:\/\/www.bad-reichenhall.wasserwacht.de\/wp-content\/plugins\/team-members\/inc\/img\/links\/email.png\"\/><\/a><\/div><\/div><\/div><span class=\"tmm_two_containers_tablet\"><\/span><\/div><span class=\"tmm_columns_containers_desktop\"><\/span><div class=\"tmm_container\"><div class=\"tmm_member\" style=\"border-top:#20c5ea solid 5px;\"><div class=\"tmm_textblock\"><div class=\"tmm_names\"><span class=\"tmm_fname\">Korbinian<\/span> <span class=\"tmm_lname\">Hauber<\/span><\/div><div class=\"tmm_job\">2. stv. Jugendleiter<\/div><div class=\"tmm_scblock\"><\/div><\/div><\/div><div style=\"clear:both;\"><\/div><\/div><\/div><\/div><\/span><\/div>\n","protected":false},"excerpt":{"rendered":"<p>Informationen zu unserem Schwimmkurs f\u00fcr Kinder !! Der n\u00e4chste Schwimmkurs findet voraussichtlich im Fr\u00fchjahr 2026 statt !! F\u00fcr 2025 sind bereits alle Schwimmkurse ausgebucht. Ziel: Erlernen des Brustschwimmens. Am Ende besteht die M\u00f6glichkeit, das Schwimmabzeichen &#8222;Seepferdchen&#8220; zu erwerben. Kursablauf: Wassergew\u00f6hnung, Technikschulung Arm- und Beinbewegungen, Koordination der Bewegungen. Anmeldung:\u00a0 Die Anmeldung erfolgt bitte zuerst via E-Mail. [&hellip;]<\/p>\n","protected":false},"author":15,"featured_media":0,"parent":0,"menu_order":0,"comment_status":"closed","ping_status":"closed","template":"","meta":{"footnotes":""},"class_list":["post-181","page","type-page","status-publish","hentry"],"_links":{"self":[{"href":"https:\/\/www.bad-reichenhall.wasserwacht.de\/index.php?rest_route=\/wp\/v2\/pages\/181","targetHints":{"allow":["GET"]}}],"collection":[{"href":"https:\/\/www.bad-reichenhall.wasserwacht.de\/index.php?rest_route=\/wp\/v2\/pages"}],"about":[{"href":"https:\/\/www.bad-reichenhall.wasserwacht.de\/index.php?rest_route=\/wp\/v2\/types\/page"}],"author":[{"embeddable":true,"href":"https:\/\/www.bad-reichenhall.wasserwacht.de\/index.php?rest_route=\/wp\/v2\/users\/15"}],"replies":[{"embeddable":true,"href":"https:\/\/www.bad-reichenhall.wasserwacht.de\/index.php?rest_route=%2Fwp%2Fv2%2Fcomments&post=181"}],"version-history":[{"count":25,"href":"https:\/\/www.bad-reichenhall.wasserwacht.de\/index.php?rest_route=\/wp\/v2\/pages\/181\/revisions"}],"predecessor-version":[{"id":1242,"href":"https:\/\/www.bad-reichenhall.wasserwacht.de\/index.php?rest_route=\/wp\/v2\/pages\/181\/revisions\/1242"}],"wp:attachment":[{"href":"https:\/\/www.bad-reichenhall.wasserwacht.de\/index.php?rest_route=%2Fwp%2Fv2%2Fmedia&parent=181"}],"curies":[{"name":"wp","href":"https:\/\/api.w.org\/{rel}","templated":true}]}}