{"id":47,"date":"2016-12-22T17:55:04","date_gmt":"2016-12-22T16:55:04","guid":{"rendered":"http:\/\/bad-reichenhall.minicms.wasserwacht.de\/?page_id=47"},"modified":"2016-12-23T10:01:36","modified_gmt":"2016-12-23T09:01:36","slug":"test","status":"publish","type":"page","link":"https:\/\/www.bad-reichenhall.wasserwacht.de\/?page_id=47","title":{"rendered":"Wasserwacht Bad Reichenhall"},"content":{"rendered":"<p><span style=\"font-family: verdana\">Bis 1945 wurde bei uns der Wasserrettungsdienst durch die DLRG wahrgenommen. Nach Kriegsende wurde diese aufgel\u00f6st. Ab Sp\u00e4therbst 1945 baute das BRK im Auftrag der amerikanischen Besatzungsmacht die Wasserwacht auf. Die Ortsgruppe Bad Reichenhall wurde vom damaligen Polizeichef Aigner mit ehemaligen Mitgliedern der DLRG, die damals eng mit der Schwimmabteilung des TSV Bad Reichenhall verbunden war, aufgebaut. Als St\u00fctzen der neuen Wasserwacht kristallisierten sich neben einigen Polizeibeamten vor allem Arthur Zeindl, Jakl Scherer und Marie-Luise Stumpfegger vom Schwimmclub heraus.<\/span><\/p>\n<div class=\"boxes\">\n<div class=\"contentbox\">\n<div class=\"text\">\n<p align=\"justify\"><span style=\"font-family: verdana\">Da Bad Reichenhall kreisunmittelbare Stadt war, fungierte die Vorstandschaft in der Regel gleichzeitig als Ortsgruppenleitung Bad Reichenhall und Abteilungs- (Kreis-) Leitung. Erst seit der Gebietsreform 1972 wird die Abteilungsleitung Berchtesgadener Land extra durch die Ortsgruppen Bad Reichenhall, Berchtesgaden, Freilassing und Laufen gew\u00e4hlt. In den Anfangsjahren wurde haupts\u00e4chlich der Wachdienst am Thumsee versehen, in den fr\u00fchen 1960er Jahren kam dann der Wachdienst am H\u00f6glw\u00f6rther See dazu. In diese Periode fallen auch die ersten Tauchausbilungen (ab 1962), die regelm\u00e4ssige Schwimmausbildung im Winter im Paracelsiusbad in Salzburg und im Sommer im, Staufenbad Nonn. Als erstes Einsatzfahrzeug wurde 1962 ein vom Rettungsdienst ausgesonderter VW-Bus genutzt. In j\u00fcngerer Zeit stehen als herausragende Ereignisse der fast gleichzeitige Neubau der Wasserrettungsstationen am H\u00f6glw\u00f6rther See (Einweihung Fr\u00fchsommer 1996) und am Thumsee (Einweihung Fr\u00fchjahr 1997). Seit 2008 befinden sich unser \u00b4Fahrzeug, die Boote und s\u00e4mtlich Ausr\u00fcstungsgegenst\u00e4nde in unserem Depot in der Fr\u00fchlingsstra\u00dfe.<\/span><\/p>\n<p align=\"justify\"><span style=\"font-family: verdana\">Mit dem Einsturz der Eislaufhalle in Bad Reichenhall am 02.01.2006 und dem darauf folgenden Abriss der Schwimmhalle verloren wir f\u00fcr mehrere Jahre unsere Trainingsm\u00f6glichkeit. Sowohl bei den Aktiven als auch bei der Jugengruppe mussten wir einige Verluste hinnehmen. Seit der Er\u00f6ffnung des Familienbads in der Rupertustherme im September 2011 findet wieder ein regelm\u00e4\u00dfiges Training statt.<\/span><\/p>\n<p align=\"justify\"><img loading=\"lazy\" decoding=\"async\" class=\"aligncenter size-medium wp-image-60\" src=\"http:\/\/bad-reichenhall.minicms.wasserwacht.de\/wp-content\/uploads\/sites\/20\/2016\/12\/halleinsturz-bad-reichenhall-300x184.jpg\" alt=\"\" width=\"300\" height=\"184\" srcset=\"https:\/\/www.bad-reichenhall.wasserwacht.de\/wp-content\/uploads\/sites\/20\/2016\/12\/halleinsturz-bad-reichenhall-300x184.jpg 300w, https:\/\/www.bad-reichenhall.wasserwacht.de\/wp-content\/uploads\/sites\/20\/2016\/12\/halleinsturz-bad-reichenhall-768x472.jpg 768w, https:\/\/www.bad-reichenhall.wasserwacht.de\/wp-content\/uploads\/sites\/20\/2016\/12\/halleinsturz-bad-reichenhall-150x92.jpg 150w, https:\/\/www.bad-reichenhall.wasserwacht.de\/wp-content\/uploads\/sites\/20\/2016\/12\/halleinsturz-bad-reichenhall.jpg 860w\" sizes=\"auto, (max-width: 300px) 100vw, 300px\" \/><\/p>\n<\/div>\n<\/div>\n<\/div>\n","protected":false},"excerpt":{"rendered":"<p>Bis 1945 wurde bei uns der Wasserrettungsdienst durch die DLRG wahrgenommen. Nach Kriegsende wurde diese aufgel\u00f6st. Ab Sp\u00e4therbst 1945 baute das BRK im Auftrag der amerikanischen Besatzungsmacht die Wasserwacht auf. Die Ortsgruppe Bad Reichenhall wurde vom damaligen Polizeichef Aigner mit ehemaligen Mitgliedern der DLRG, die damals eng mit der Schwimmabteilung des TSV Bad Reichenhall verbunden [&hellip;]<\/p>\n","protected":false},"author":15,"featured_media":0,"parent":0,"menu_order":0,"comment_status":"closed","ping_status":"closed","template":"","meta":{"footnotes":""},"class_list":["post-47","page","type-page","status-publish","hentry"],"_links":{"self":[{"href":"https:\/\/www.bad-reichenhall.wasserwacht.de\/index.php?rest_route=\/wp\/v2\/pages\/47","targetHints":{"allow":["GET"]}}],"collection":[{"href":"https:\/\/www.bad-reichenhall.wasserwacht.de\/index.php?rest_route=\/wp\/v2\/pages"}],"about":[{"href":"https:\/\/www.bad-reichenhall.wasserwacht.de\/index.php?rest_route=\/wp\/v2\/types\/page"}],"author":[{"embeddable":true,"href":"https:\/\/www.bad-reichenhall.wasserwacht.de\/index.php?rest_route=\/wp\/v2\/users\/15"}],"replies":[{"embeddable":true,"href":"https:\/\/www.bad-reichenhall.wasserwacht.de\/index.php?rest_route=%2Fwp%2Fv2%2Fcomments&post=47"}],"version-history":[{"count":4,"href":"https:\/\/www.bad-reichenhall.wasserwacht.de\/index.php?rest_route=\/wp\/v2\/pages\/47\/revisions"}],"predecessor-version":[{"id":111,"href":"https:\/\/www.bad-reichenhall.wasserwacht.de\/index.php?rest_route=\/wp\/v2\/pages\/47\/revisions\/111"}],"wp:attachment":[{"href":"https:\/\/www.bad-reichenhall.wasserwacht.de\/index.php?rest_route=%2Fwp%2Fv2%2Fmedia&parent=47"}],"curies":[{"name":"wp","href":"https:\/\/api.w.org\/{rel}","templated":true}]}}