{"id":65,"date":"2016-12-23T09:07:14","date_gmt":"2016-12-23T08:07:14","guid":{"rendered":"http:\/\/bad-reichenhall.minicms.wasserwacht.de\/?page_id=65"},"modified":"2025-05-19T14:09:23","modified_gmt":"2025-05-19T12:09:23","slug":"wasserrettung-im-landkreis","status":"publish","type":"page","link":"https:\/\/www.bad-reichenhall.wasserwacht.de\/?page_id=65","title":{"rendered":"Berchtesgadener Land"},"content":{"rendered":"<div class=\"boxes\">\n<div class=\"contentbox\">\n<div class=\"text\">\n<p align=\"justify\"><span style=\"font-family: verdana\">Insgesamt sorgen im Berchtesgadener Land vier Wasserwacht-Ortsgruppen mit \u00fcber 700 Mitgliedern f\u00fcr die Sicherheit an Seen, Fl\u00fcssen und in Schwimmb\u00e4dern. In Bad Reichenhall, Berchtesgaden, Freilassing und Laufen stellen die Ehrenamtlichen zudem je eine Schnell-Einsatz-Gruppe-Wasserrettung (SEG) .<\/span><\/p>\n<p align=\"justify\"><span style=\"font-family: verdana\">F\u00fcr den Wasserrettungsdienst im Landkreis sind rund 100 ehrenamtliche Rettungsschwimmer der BRK-Wasserwacht zust\u00e4ndig.<\/span><\/p>\n<p align=\"justify\"><span style=\"font-family: verdana\">Zur Besatzung eines Wasserrettungsfahrzeugs (SEG) geh\u00f6ren mindestens drei Personen, eine davon mit der Qualifikation eines SEG-Leiters. Zus\u00e4tzlich ist mindestens ein Wasserretter dabei. Regul\u00e4r r\u00fccken mindestens f\u00fcnf Einsatzkr\u00e4fte aus. Die Fahrzeuge sind mit allen erforderlichen Ger\u00e4ten ausgestattet, die f\u00fcr Rettungseins\u00e4tze an Seen und Flie\u00dfgew\u00e4ssern ben\u00f6tigt werden, darunter Schlauchboote, Druckluftflaschen f\u00fcr die Rettungstaucher, Rettungsrucks\u00e4cke entsprechend dem Landrettungsdienst und im Winter Eisrettungsschlitten. Die Alarmierung der SEGs erfolgt per Funkmeldeempf\u00e4nger \u00fcber die zust\u00e4ndige Leitstelle Traunstein.<\/span><\/p>\n<\/div>\n<\/div>\n<\/div>\n","protected":false},"excerpt":{"rendered":"<p>Insgesamt sorgen im Berchtesgadener Land vier Wasserwacht-Ortsgruppen mit \u00fcber 700 Mitgliedern f\u00fcr die Sicherheit an Seen, Fl\u00fcssen und in Schwimmb\u00e4dern. In Bad Reichenhall, Berchtesgaden, Freilassing und Laufen stellen die Ehrenamtlichen zudem je eine Schnell-Einsatz-Gruppe-Wasserrettung (SEG) . F\u00fcr den Wasserrettungsdienst im Landkreis sind rund 100 ehrenamtliche Rettungsschwimmer der BRK-Wasserwacht zust\u00e4ndig. Zur Besatzung eines Wasserrettungsfahrzeugs (SEG) geh\u00f6ren [&hellip;]<\/p>\n","protected":false},"author":15,"featured_media":0,"parent":0,"menu_order":0,"comment_status":"closed","ping_status":"closed","template":"","meta":{"footnotes":""},"class_list":["post-65","page","type-page","status-publish","hentry"],"_links":{"self":[{"href":"https:\/\/www.bad-reichenhall.wasserwacht.de\/index.php?rest_route=\/wp\/v2\/pages\/65","targetHints":{"allow":["GET"]}}],"collection":[{"href":"https:\/\/www.bad-reichenhall.wasserwacht.de\/index.php?rest_route=\/wp\/v2\/pages"}],"about":[{"href":"https:\/\/www.bad-reichenhall.wasserwacht.de\/index.php?rest_route=\/wp\/v2\/types\/page"}],"author":[{"embeddable":true,"href":"https:\/\/www.bad-reichenhall.wasserwacht.de\/index.php?rest_route=\/wp\/v2\/users\/15"}],"replies":[{"embeddable":true,"href":"https:\/\/www.bad-reichenhall.wasserwacht.de\/index.php?rest_route=%2Fwp%2Fv2%2Fcomments&post=65"}],"version-history":[{"count":4,"href":"https:\/\/www.bad-reichenhall.wasserwacht.de\/index.php?rest_route=\/wp\/v2\/pages\/65\/revisions"}],"predecessor-version":[{"id":1246,"href":"https:\/\/www.bad-reichenhall.wasserwacht.de\/index.php?rest_route=\/wp\/v2\/pages\/65\/revisions\/1246"}],"wp:attachment":[{"href":"https:\/\/www.bad-reichenhall.wasserwacht.de\/index.php?rest_route=%2Fwp%2Fv2%2Fmedia&parent=65"}],"curies":[{"name":"wp","href":"https:\/\/api.w.org\/{rel}","templated":true}]}}