{"id":72,"date":"2016-12-23T09:29:30","date_gmt":"2016-12-23T08:29:30","guid":{"rendered":"http:\/\/bad-reichenhall.minicms.wasserwacht.de\/?page_id=72"},"modified":"2016-12-23T09:32:32","modified_gmt":"2016-12-23T08:32:32","slug":"aufgaben","status":"publish","type":"page","link":"https:\/\/www.bad-reichenhall.wasserwacht.de\/?page_id=72","title":{"rendered":"Aufgaben"},"content":{"rendered":"<div class=\"boxes\">\n<div class=\"contentbox\">\n<div class=\"text\">\n<p style=\"text-align: left\" align=\"center\"><span style=\"font-family: verdana\">Die Hauptaufgabe, der die Wasserwacht 1883 erstmals nachging, ist gem\u00e4\u00df der Ordnung f\u00fcr die Wasserwacht die Verhinderung des Ertrinkungstodes sowie die Durchf\u00fchrung der damit verbundenen vorbeugenden Ma\u00dfnahmen &#8211; im Allgemeinen also die Erh\u00f6hung der Sicherheit beim Baden und im Wassersport. <\/span><\/p>\n<p align=\"left\"><span style=\"font-family: verdana\">Dies gliedert sich wie unten aufgef\u00fchrt:<\/span><\/p>\n<ol>\n<li>\n<div><span style=\"font-family: verdana\">Durchf\u00fchrung des Wasserrettungsdienstes<\/span><\/div>\n<\/li>\n<li>\n<div><span style=\"font-family: verdana\">Aus- und Fortbildung von geeigneten Einsatzkr\u00e4ften<\/span><\/div>\n<\/li>\n<li>\n<div><span style=\"font-family: verdana\">Die Verbreitung der Kenntnisse und F\u00e4higkeiten des Schwimmens und Rettungsschwimmens in der\u00a0Bev\u00f6lkerung, insbesondere bei der Jugend, in Schulen und Verb\u00e4nden <\/span><\/div>\n<\/li>\n<li>\n<div><span style=\"font-family: verdana\">Aufstellung, Ausbildung und Ausr\u00fcstung besonderer Einheiten f\u00fcr den Einsatz bei Gro\u00dfschadensereignissen<\/span><\/div>\n<\/li>\n<li>\n<div><span style=\"font-family: verdana\">Mitwirkung bei der Bek\u00e4mpfung von Schadensereignissen und ihren Auswirkungen<\/span><\/div>\n<\/li>\n<li>\n<div><span style=\"font-family: verdana\">Mitwirkung bei der Erh\u00f6hung der Sicherheit auf, an und in Gew\u00e4ssern (einschlie\u00dflich Wasserstra\u00dfen) und in \u00f6ffentlichen B\u00e4dern<\/span><\/div>\n<\/li>\n<li>\n<div><span style=\"font-family: verdana\">Suche und Bergung von Ertrunkenen<\/span><\/div>\n<\/li>\n<li>\n<div><span style=\"font-family: verdana\">Mitwirkung beim Natur- und Gew\u00e4sserschutz nach den gesetzlichen Bestimmungen<\/span><\/div>\n<\/li>\n<\/ol>\n<p><strong><span style=\"font-family: verdana\">50 Prozent aller Wasserrettungseins\u00e4tze<\/span><\/strong><\/p>\n<p><span style=\"font-family: verdana\">Die BRK-Wasserwacht sichert Badegew\u00e4sser aller Art ab. Mit ihren professionell ausger\u00fcsteten Schnell-Einsatz-Gruppen (SEG) ist die Wasserwacht Teil des Wasserrettungsdienstes (2005 f\u00fchrte sie rund 50 Prozent der Wasserrettungseins\u00e4tze in Deutschland durch). Auch gr\u00f6\u00dfere Veranstaltungen am Wasser, wie Ruder- und Segelregatten, werden durch die Helfer der Wasserwacht abgesichert.<\/span><\/p>\n<p><strong><span style=\"font-family: verdana\">Immer mehr Aufgaben<\/span><\/strong><\/p>\n<p><span style=\"font-family: verdana\">Neben der Besetzung der Wachstationen beim Badebetrieb und w\u00e4hrend der Eiszeit hat sich aufgrund neuer Freizeitaktivit\u00e4ten das Aufgabengebiet der Wasserwacht w\u00e4hrend der letzten Jahre erheblich erweitert: Eine eigene Canyon-Rettungsgruppe wurde in Zusammenarbeit mit der Bergwacht-Region Chiemgau zur Rettung von Wassersportlern aus Gebirgsb\u00e4chen ins Leben gerufen. Binnen Minuten kann sich ein kleiner Bach bei Unwettern zu einem rei\u00dfenden Strom entwickeln, der alles mit sich nimmt. Der Einsatz in wasserf\u00fchrenden Schluchten und Klammen erfordert sowohl wasser- als auch bergrettungsspezifische Kenntnisse und F\u00e4higkeiten.<\/span><\/p>\n<\/div>\n<\/div>\n<\/div>\n","protected":false},"excerpt":{"rendered":"<p>Die Hauptaufgabe, der die Wasserwacht 1883 erstmals nachging, ist gem\u00e4\u00df der Ordnung f\u00fcr die Wasserwacht die Verhinderung des Ertrinkungstodes sowie die Durchf\u00fchrung der damit verbundenen vorbeugenden Ma\u00dfnahmen &#8211; im Allgemeinen also die Erh\u00f6hung der Sicherheit beim Baden und im Wassersport. Dies gliedert sich wie unten aufgef\u00fchrt: Durchf\u00fchrung des Wasserrettungsdienstes Aus- und Fortbildung von geeigneten Einsatzkr\u00e4ften [&hellip;]<\/p>\n","protected":false},"author":15,"featured_media":0,"parent":0,"menu_order":0,"comment_status":"closed","ping_status":"closed","template":"","meta":{"footnotes":""},"class_list":["post-72","page","type-page","status-publish","hentry"],"_links":{"self":[{"href":"https:\/\/www.bad-reichenhall.wasserwacht.de\/index.php?rest_route=\/wp\/v2\/pages\/72","targetHints":{"allow":["GET"]}}],"collection":[{"href":"https:\/\/www.bad-reichenhall.wasserwacht.de\/index.php?rest_route=\/wp\/v2\/pages"}],"about":[{"href":"https:\/\/www.bad-reichenhall.wasserwacht.de\/index.php?rest_route=\/wp\/v2\/types\/page"}],"author":[{"embeddable":true,"href":"https:\/\/www.bad-reichenhall.wasserwacht.de\/index.php?rest_route=\/wp\/v2\/users\/15"}],"replies":[{"embeddable":true,"href":"https:\/\/www.bad-reichenhall.wasserwacht.de\/index.php?rest_route=%2Fwp%2Fv2%2Fcomments&post=72"}],"version-history":[{"count":3,"href":"https:\/\/www.bad-reichenhall.wasserwacht.de\/index.php?rest_route=\/wp\/v2\/pages\/72\/revisions"}],"predecessor-version":[{"id":78,"href":"https:\/\/www.bad-reichenhall.wasserwacht.de\/index.php?rest_route=\/wp\/v2\/pages\/72\/revisions\/78"}],"wp:attachment":[{"href":"https:\/\/www.bad-reichenhall.wasserwacht.de\/index.php?rest_route=%2Fwp%2Fv2%2Fmedia&parent=72"}],"curies":[{"name":"wp","href":"https:\/\/api.w.org\/{rel}","templated":true}]}}