{"id":81,"date":"2016-12-23T09:36:46","date_gmt":"2016-12-23T08:36:46","guid":{"rendered":"http:\/\/bad-reichenhall.minicms.wasserwacht.de\/?page_id=81"},"modified":"2016-12-23T09:38:21","modified_gmt":"2016-12-23T08:38:21","slug":"schwimmausbildung","status":"publish","type":"page","link":"https:\/\/www.bad-reichenhall.wasserwacht.de\/?page_id=81","title":{"rendered":"Schwimmausbildung"},"content":{"rendered":"<h1>Wir bieten &#8230;<\/h1>\n<p>&nbsp;<\/p>\n<div class=\"boxes\">\n<div class=\"contentbox\">\n<div class=\"text\">\n<p><strong><span style=\"font-family: verdana\">Vom Nichtschwimmer zum Schwimmer<\/span><\/strong><\/p>\n<p><span style=\"font-family: verdana\">Eine wichtige Aufgabe der Wasserwacht ist die Ausbildung von Nichtschwimmern zu Schwimmern. Die Ausbilder Schwimmen f\u00fchren Schwimmkurse durch, nehmen Schwimmabzeichen ab und bilden so den Grundstein der schwimmerischen Ausbildung in der Wasserwacht. Es werden aber nicht nur Schwimmkurse f\u00fcr angehende Wasserwacht-Mitglieder durchgef\u00fchrt. Die Breitenausbildung der Bev\u00f6lkerung im Schwimmen ist eine wichtige Pr\u00e4ventivma\u00dfnahme im Kampf gegen den Tod durch Ertrinken. Schwimmabzeichen werden vom Fr\u00fchschwimmer &#8222;Seepferdchen&#8220; bis zum goldenen Schwimmabzeichen abgenommen.<\/span><\/p>\n<\/div>\n<\/div>\n<\/div>\n","protected":false},"excerpt":{"rendered":"<p>Wir bieten &#8230; &nbsp; Vom Nichtschwimmer zum Schwimmer Eine wichtige Aufgabe der Wasserwacht ist die Ausbildung von Nichtschwimmern zu Schwimmern. Die Ausbilder Schwimmen f\u00fchren Schwimmkurse durch, nehmen Schwimmabzeichen ab und bilden so den Grundstein der schwimmerischen Ausbildung in der Wasserwacht. Es werden aber nicht nur Schwimmkurse f\u00fcr angehende Wasserwacht-Mitglieder durchgef\u00fchrt. Die Breitenausbildung der Bev\u00f6lkerung im [&hellip;]<\/p>\n","protected":false},"author":15,"featured_media":0,"parent":0,"menu_order":0,"comment_status":"closed","ping_status":"closed","template":"","meta":{"footnotes":""},"class_list":["post-81","page","type-page","status-publish","hentry"],"_links":{"self":[{"href":"https:\/\/www.bad-reichenhall.wasserwacht.de\/index.php?rest_route=\/wp\/v2\/pages\/81","targetHints":{"allow":["GET"]}}],"collection":[{"href":"https:\/\/www.bad-reichenhall.wasserwacht.de\/index.php?rest_route=\/wp\/v2\/pages"}],"about":[{"href":"https:\/\/www.bad-reichenhall.wasserwacht.de\/index.php?rest_route=\/wp\/v2\/types\/page"}],"author":[{"embeddable":true,"href":"https:\/\/www.bad-reichenhall.wasserwacht.de\/index.php?rest_route=\/wp\/v2\/users\/15"}],"replies":[{"embeddable":true,"href":"https:\/\/www.bad-reichenhall.wasserwacht.de\/index.php?rest_route=%2Fwp%2Fv2%2Fcomments&post=81"}],"version-history":[{"count":3,"href":"https:\/\/www.bad-reichenhall.wasserwacht.de\/index.php?rest_route=\/wp\/v2\/pages\/81\/revisions"}],"predecessor-version":[{"id":103,"href":"https:\/\/www.bad-reichenhall.wasserwacht.de\/index.php?rest_route=\/wp\/v2\/pages\/81\/revisions\/103"}],"wp:attachment":[{"href":"https:\/\/www.bad-reichenhall.wasserwacht.de\/index.php?rest_route=%2Fwp%2Fv2%2Fmedia&parent=81"}],"curies":[{"name":"wp","href":"https:\/\/api.w.org\/{rel}","templated":true}]}}