{"id":83,"date":"2016-12-23T09:36:46","date_gmt":"2016-12-23T08:36:46","guid":{"rendered":"http:\/\/bad-reichenhall.minicms.wasserwacht.de\/?page_id=83"},"modified":"2024-09-03T23:34:35","modified_gmt":"2024-09-03T21:34:35","slug":"taucher","status":"publish","type":"page","link":"https:\/\/www.bad-reichenhall.wasserwacht.de\/?page_id=83","title":{"rendered":"Taucher"},"content":{"rendered":"<h1>Rettungs- und Bergetaucher<\/h1>\n<div class=\"boxes\">\n<div class=\"contentbox\">\n<div class=\"text\">\n<p>Zur ad\u00e4quaten Hilfeleistung sind Kenntnisse im Umgang mit Rettungsmitteln wie der Rettungboje sowie an gro\u00dfen Gew\u00e4ssern die Handhabung eines Motorbootes erforderlich. Zur Suche von Vermissten und Versunkenen oder zur Abwendung von Gefahren durch Gegenst\u00e4nde im Wasser unterh\u00e4lt die Wasserwacht Bad Reichenhall eine eigene Rettungstauchergruppe.<\/p>\n<p>Die Rettungs- und Bergungstaucher der Wasserwacht werden zur Suche, Rettung oder Bergung von Verungl\u00fcckten ben\u00f6tigt, wenn Rettungsschwimmer und Motorboote alleine nicht mehr ausreichen. Auch die Bergung von Fahrzeugen, M\u00fcll und gef\u00e4hrlichen G\u00fctern aus dem Wasser geh\u00f6ren zu den Aufgaben von Rettungstauchern. Oftmals ist das eine harte Arbeit unter sehr schwierigen Bedingungen. Die Taucher im Wasserrettungseinsatz sind aufgrund der schwierigen \u00e4u\u00dferen Bedingungen unter Wasser (hoher Wasserdruck, schlechte Sicht, niedrige Wassertemperaturen) einer st\u00e4ndigen psychischen Belastung ausgesetzt. Dies trifft erst Recht zu, wenn es um die Rettung oder Bergung von Menschen geht.<\/p>\n<p>Rettungstaucher k\u00f6nnen nur die k\u00f6rperlich und psychisch leistungsf\u00e4higsten aktiven Mitglieder der Wasserwacht werden. Um den harten Anforderungen, die die Eins\u00e4tze an die Taucher stellen, gerecht zu werden, ist eine in der Regel ein- bis zweij\u00e4hrige Ausbildung notwendig, die mit einer theoretischen und praktischer Pr\u00fcfung abgeschlossen wird.<\/p>\n<\/div>\n<\/div>\n<\/div>\n","protected":false},"excerpt":{"rendered":"<p>Rettungs- und Bergetaucher Zur ad\u00e4quaten Hilfeleistung sind Kenntnisse im Umgang mit Rettungsmitteln wie der Rettungboje sowie an gro\u00dfen Gew\u00e4ssern die Handhabung eines Motorbootes erforderlich. Zur Suche von Vermissten und Versunkenen oder zur Abwendung von Gefahren durch Gegenst\u00e4nde im Wasser unterh\u00e4lt die Wasserwacht Bad Reichenhall eine eigene Rettungstauchergruppe. Die Rettungs- und Bergungstaucher der Wasserwacht werden zur [&hellip;]<\/p>\n","protected":false},"author":15,"featured_media":0,"parent":0,"menu_order":0,"comment_status":"closed","ping_status":"closed","template":"","meta":{"footnotes":""},"class_list":["post-83","page","type-page","status-publish","hentry"],"_links":{"self":[{"href":"https:\/\/www.bad-reichenhall.wasserwacht.de\/index.php?rest_route=\/wp\/v2\/pages\/83","targetHints":{"allow":["GET"]}}],"collection":[{"href":"https:\/\/www.bad-reichenhall.wasserwacht.de\/index.php?rest_route=\/wp\/v2\/pages"}],"about":[{"href":"https:\/\/www.bad-reichenhall.wasserwacht.de\/index.php?rest_route=\/wp\/v2\/types\/page"}],"author":[{"embeddable":true,"href":"https:\/\/www.bad-reichenhall.wasserwacht.de\/index.php?rest_route=\/wp\/v2\/users\/15"}],"replies":[{"embeddable":true,"href":"https:\/\/www.bad-reichenhall.wasserwacht.de\/index.php?rest_route=%2Fwp%2Fv2%2Fcomments&post=83"}],"version-history":[{"count":3,"href":"https:\/\/www.bad-reichenhall.wasserwacht.de\/index.php?rest_route=\/wp\/v2\/pages\/83\/revisions"}],"predecessor-version":[{"id":1153,"href":"https:\/\/www.bad-reichenhall.wasserwacht.de\/index.php?rest_route=\/wp\/v2\/pages\/83\/revisions\/1153"}],"wp:attachment":[{"href":"https:\/\/www.bad-reichenhall.wasserwacht.de\/index.php?rest_route=%2Fwp%2Fv2%2Fmedia&parent=83"}],"curies":[{"name":"wp","href":"https:\/\/api.w.org\/{rel}","templated":true}]}}