{"id":84,"date":"2016-12-23T09:36:46","date_gmt":"2016-12-23T08:36:46","guid":{"rendered":"http:\/\/bad-reichenhall.minicms.wasserwacht.de\/?page_id=84"},"modified":"2016-12-23T09:40:08","modified_gmt":"2016-12-23T08:40:08","slug":"motorbootfuehrer","status":"publish","type":"page","link":"https:\/\/www.bad-reichenhall.wasserwacht.de\/?page_id=84","title":{"rendered":"Motorbootf\u00fchrer"},"content":{"rendered":"<h1>Motorbootf\u00fchrer<\/h1>\n<div class=\"boxes\">\n<div class=\"contentbox\">\n<div class=\"text\">\n<p>Was in den Anf\u00e4ngen der Wasserwacht mit Badehose, selbstgebauten Schwimmbrettern und Ruderbooten an Rettungseins\u00e4tzen oft unter Lebensgefahr begonnen wurde, setzt sich heute mit einer gro\u00dfen Flotte aus modernen Rettungsbooten fort. Mit zunehmendem Tourismus an den heimischen Gew\u00e4ssern sind auch immer mehr Wassersportler unterwegs. Diese Konzentration von Menschen ist seit Bestehen der Wasserwacht eine Herausforderung f\u00fcr die ehrenamtlichen Helfer, die eine technisch gut ausger\u00fcstete Flotte vorhalten m\u00fcssen.<\/p>\n<p>Den hohen Stellenwert der wasserwachtinternen Bootsf\u00fchrerausbildung belegt die Tatsache, dass das Bef\u00e4higungszeugnis zum F\u00fchren eines Motorrettungsbootes dem staatlich anerkannten Motorbootf\u00fchrerschein Binnen &#8222;A&#8220; gleichgestellt ist. Tats\u00e4chlich wird der Wasserwacht-Bootsf\u00fchrer nach den amtlichen Kriterien gepr\u00fcft, wobei zus\u00e4tzlich noch ein wasserwachtspezifischer Pr\u00fcfungsteil abgelegt werden muss.<\/p>\n<\/div>\n<\/div>\n<\/div>\n","protected":false},"excerpt":{"rendered":"<p>Motorbootf\u00fchrer Was in den Anf\u00e4ngen der Wasserwacht mit Badehose, selbstgebauten Schwimmbrettern und Ruderbooten an Rettungseins\u00e4tzen oft unter Lebensgefahr begonnen wurde, setzt sich heute mit einer gro\u00dfen Flotte aus modernen Rettungsbooten fort. Mit zunehmendem Tourismus an den heimischen Gew\u00e4ssern sind auch immer mehr Wassersportler unterwegs. Diese Konzentration von Menschen ist seit Bestehen der Wasserwacht eine Herausforderung [&hellip;]<\/p>\n","protected":false},"author":15,"featured_media":0,"parent":0,"menu_order":0,"comment_status":"closed","ping_status":"closed","template":"","meta":{"footnotes":""},"class_list":["post-84","page","type-page","status-publish","hentry"],"_links":{"self":[{"href":"https:\/\/www.bad-reichenhall.wasserwacht.de\/index.php?rest_route=\/wp\/v2\/pages\/84","targetHints":{"allow":["GET"]}}],"collection":[{"href":"https:\/\/www.bad-reichenhall.wasserwacht.de\/index.php?rest_route=\/wp\/v2\/pages"}],"about":[{"href":"https:\/\/www.bad-reichenhall.wasserwacht.de\/index.php?rest_route=\/wp\/v2\/types\/page"}],"author":[{"embeddable":true,"href":"https:\/\/www.bad-reichenhall.wasserwacht.de\/index.php?rest_route=\/wp\/v2\/users\/15"}],"replies":[{"embeddable":true,"href":"https:\/\/www.bad-reichenhall.wasserwacht.de\/index.php?rest_route=%2Fwp%2Fv2%2Fcomments&post=84"}],"version-history":[{"count":2,"href":"https:\/\/www.bad-reichenhall.wasserwacht.de\/index.php?rest_route=\/wp\/v2\/pages\/84\/revisions"}],"predecessor-version":[{"id":106,"href":"https:\/\/www.bad-reichenhall.wasserwacht.de\/index.php?rest_route=\/wp\/v2\/pages\/84\/revisions\/106"}],"wp:attachment":[{"href":"https:\/\/www.bad-reichenhall.wasserwacht.de\/index.php?rest_route=%2Fwp%2Fv2%2Fmedia&parent=84"}],"curies":[{"name":"wp","href":"https:\/\/api.w.org\/{rel}","templated":true}]}}